{"id":149,"date":"2023-02-21T15:24:20","date_gmt":"2023-02-21T14:24:20","guid":{"rendered":"http:\/\/barnao.hu\/?page_id=149"},"modified":"2023-04-21T08:02:21","modified_gmt":"2023-04-21T06:02:21","slug":"main","status":"publish","type":"page","link":"https:\/\/barnao.hu\/en\/","title":{"rendered":"Home"},"content":{"rendered":"<p>[vc_section full_height=&#8221;yes&#8221; content_placement=&#8221;middle&#8221; el_class=&#8221;main1&#8243; css=&#8221;.vc_custom_1679588163112{padding-top: 90px !important;}&#8221;][vc_row][vc_column el_class=&#8221;mainright&#8221;][vc_column_text el_class=&#8221;headtitle&#8221;]<\/p>\n<h3>SIMPLE SOLUTIONS<\/h3>\n<h4>also in complex<br \/>\nlegal issues!<\/h4>\n<p>[\/vc_column_text][vc_column_text el_class=&#8221;main1mobile&#8221;]<a href=\"https:\/\/barnao.hu\/en\/services\/public-procurement\/\">Services &gt;<\/a>[\/vc_column_text][\/vc_column][\/vc_row][\/vc_section][vc_section full_height=&#8221;yes&#8221; content_placement=&#8221;middle&#8221; el_class=&#8221;main2&#8243;][vc_row][vc_column width=&#8221;1\/3&#8243;][vc_single_image image=&#8221;99&#8243; img_size=&#8221;full&#8221; el_class=&#8221;mkep&#8221;][\/vc_column][vc_column width=&#8221;2\/3&#8243; el_class=&#8221;mainright&#8221;][vc_column_text el_class=&#8221;maintext&#8221;]<\/p>\n<h4>Introduction<\/h4>\n<p>The Barna Orsolya Law Firm represents the future, setting it apart from traditional law firms, creating a bridge between legal traditions and the legal challenges of the 21th century.<\/p>\n<p><a href=\"https:\/\/barnao.hu\/en\/introduction\/\">More<\/a>[\/vc_column_text][\/vc_column][\/vc_row][\/vc_section][vc_section full_height=&#8221;yes&#8221; content_placement=&#8221;middle&#8221; el_class=&#8221;main3&#8243;][vc_row][vc_column width=&#8221;1\/3&#8243;][\/vc_column][vc_column width=&#8221;2\/3&#8243; el_class=&#8221;mainright&#8221;][vc_column_text el_class=&#8221;maintext&#8221;]<\/p>\n<h4>Social responsibility<\/h4>\n<p>Our office attaches great importance to social responsibility, we make significant efforts to spread it as widely as possible, taking into account sustainability and social aspects.<\/p>\n<p><a href=\"https:\/\/barnao.hu\/en\/social-responsibility\/\">More<\/a>[\/vc_column_text][\/vc_column][\/vc_row][\/vc_section][vc_section full_height=&#8221;yes&#8221; content_placement=&#8221;middle&#8221; el_class=&#8221;main4&#8243;][vc_row][vc_column width=&#8221;1\/3&#8243;][\/vc_column][vc_column width=&#8221;2\/3&#8243; el_class=&#8221;mainright&#8221;][vc_column_text el_class=&#8221;maintext&#8221;]<\/p>\n<h4>Blog<\/h4>\n<p><a href=\"https:\/\/barnao.hu\/en\/contact\/\">More<\/a>[\/vc_column_text][\/vc_column][\/vc_row][\/vc_section][vc_section full_height=&#8221;yes&#8221; content_placement=&#8221;middle&#8221; el_class=&#8221;main5&#8243;][vc_row][vc_column width=&#8221;1\/3&#8243;][\/vc_column][vc_column width=&#8221;2\/3&#8243; el_class=&#8221;mainright&#8221;][vc_column_text el_class=&#8221;maintext&#8221;]<\/p>\n<h4>Contact<\/h4>\n<p>Contact us so we can help you solve your legal problem efficiently and quickly.<\/p>\n<p><a href=\"https:\/\/barnao.hu\/en\/contact\/\">More<\/a>[\/vc_column_text][\/vc_column][\/vc_row][\/vc_section][vc_section css=&#8221;.vc_custom_1679588231230{padding-top: 60px !important;padding-bottom: 60px !important;background-color: #ffffff !important;}&#8221;][vc_row][vc_column width=&#8221;1\/3&#8243;][vc_column_text el_class=&#8221;partnereink&#8221;]Our partners[\/vc_column_text][\/vc_column][vc_column width=&#8221;2\/3&#8243;][vc_single_image image=&#8221;102&#8243; img_size=&#8221;full&#8221; alignment=&#8221;center&#8221;][\/vc_column][\/vc_row][\/vc_section]<\/p>\n","protected":false},"excerpt":{"rendered":"<p>[vc_section full_height=&#8221;yes&#8221; content_placement=&#8221;middle&#8221; el_class=&#8221;main1&#8243; css=&#8221;.vc_custom_1679588163112{padding-top: 90px !important;}&#8221;][vc_row][vc_column el_class=&#8221;mainright&#8221;][vc_column_text el_class=&#8221;headtitle&#8221;] SIMPLE SOLUTIONS also in complex legal issues! [\/vc_column_text][vc_column_text el_class=&#8221;main1mobile&#8221;]Services &gt;[\/vc_column_text][\/vc_column][\/vc_row][\/vc_section][vc_section full_height=&#8221;yes&#8221; content_placement=&#8221;middle&#8221; el_class=&#8221;main2&#8243;][vc_row][vc_column width=&#8221;1\/3&#8243;][vc_single_image image=&#8221;99&#8243; img_size=&#8221;full&#8221; el_class=&#8221;mkep&#8221;][\/vc_column][vc_column width=&#8221;2\/3&#8243; el_class=&#8221;mainright&#8221;][vc_column_text el_class=&#8221;maintext&#8221;] Introduction The Barna Orsolya Law Firm represents the future, setting it apart from traditional law firms, creating a bridge between legal traditions and the legal challenges [&hellip;]<\/p>\n","protected":false},"author":1,"featured_media":0,"parent":0,"menu_order":0,"comment_status":"closed","ping_status":"closed","template":"template-home.php","meta":{"footnotes":""},"class_list":["post-149","page","type-page","status-publish","hentry"],"yoast_head":"<!-- This site is optimized with the Yoast SEO plugin v20.10 - https:\/\/yoast.com\/wordpress\/plugins\/seo\/ -->\n<title>Home - Barna Orsolya \u00dcgyv\u00e9di Iroda<\/title>\n<meta name=\"robots\" content=\"index, follow, max-snippet:-1, max-image-preview:large, max-video-preview:-1\" \/>\n<link rel=\"canonical\" href=\"https:\/\/barnao.hu\/en\/\" \/>\n<meta property=\"og:locale\" content=\"en_US\" \/>\n<meta property=\"og:type\" content=\"article\" \/>\n<meta property=\"og:title\" content=\"Home - Barna Orsolya \u00dcgyv\u00e9di Iroda\" \/>\n<meta property=\"og:description\" content=\"[vc_section full_height=&#8221;yes&#8221; content_placement=&#8221;middle&#8221; el_class=&#8221;main1&#8243; css=&#8221;.vc_custom_1679588163112{padding-top: 90px !important;}&#8221;][vc_row][vc_column el_class=&#8221;mainright&#8221;][vc_column_text el_class=&#8221;headtitle&#8221;] SIMPLE SOLUTIONS also in complex legal issues! [\/vc_column_text][vc_column_text el_class=&#8221;main1mobile&#8221;]Services &gt;[\/vc_column_text][\/vc_column][\/vc_row][\/vc_section][vc_section full_height=&#8221;yes&#8221; content_placement=&#8221;middle&#8221; el_class=&#8221;main2&#8243;][vc_row][vc_column width=&#8221;1\/3&#8243;][vc_single_image image=&#8221;99&#8243; img_size=&#8221;full&#8221; el_class=&#8221;mkep&#8221;][\/vc_column][vc_column width=&#8221;2\/3&#8243; el_class=&#8221;mainright&#8221;][vc_column_text el_class=&#8221;maintext&#8221;] Introduction The Barna Orsolya Law Firm represents the future, setting it apart from traditional law firms, creating a bridge between legal traditions and the legal challenges [&hellip;]\" \/>\n<meta property=\"og:url\" content=\"https:\/\/barnao.hu\/en\/\" \/>\n<meta property=\"og:site_name\" content=\"Barna Orsolya \u00dcgyv\u00e9di Iroda\" \/>\n<meta property=\"article:modified_time\" content=\"2023-04-21T06:02:21+00:00\" \/>\n<meta name=\"twitter:card\" content=\"summary_large_image\" \/>\n<meta name=\"twitter:label1\" content=\"Est. reading time\" \/>\n\t<meta name=\"twitter:data1\" content=\"1 minute\" \/>\n<script type=\"application\/ld+json\" class=\"yoast-schema-graph\">{\"@context\":\"https:\/\/schema.org\",\"@graph\":[{\"@type\":\"WebPage\",\"@id\":\"https:\/\/barnao.hu\/en\/\",\"url\":\"https:\/\/barnao.hu\/en\/\",\"name\":\"Home - Barna Orsolya \u00dcgyv\u00e9di Iroda\",\"isPartOf\":{\"@id\":\"https:\/\/barnao.hu\/#website\"},\"datePublished\":\"2023-02-21T14:24:20+00:00\",\"dateModified\":\"2023-04-21T06:02:21+00:00\",\"breadcrumb\":{\"@id\":\"https:\/\/barnao.hu\/en\/#breadcrumb\"},\"inLanguage\":\"en-US\",\"potentialAction\":[{\"@type\":\"ReadAction\",\"target\":[\"https:\/\/barnao.hu\/en\/\"]}]},{\"@type\":\"BreadcrumbList\",\"@id\":\"https:\/\/barnao.hu\/en\/#breadcrumb\",\"itemListElement\":[{\"@type\":\"ListItem\",\"position\":1,\"name\":\"Kezd\u0151lap\",\"item\":\"https:\/\/barnao.hu\/en\/\"},{\"@type\":\"ListItem\",\"position\":2,\"name\":\"Home\"}]},{\"@type\":\"WebSite\",\"@id\":\"https:\/\/barnao.hu\/#website\",\"url\":\"https:\/\/barnao.hu\/\",\"name\":\"Barna Orsolya \u00dcgyv\u00e9di Iroda\",\"description\":\"A Barna Orsolya \u00dcgyv\u00e9di Iroda a j\u00f6v\u0151t k\u00e9pviseli, kit\u0171nve ezzel a hagyom\u00e1nyos \u00fcgyv\u00e9di irod\u00e1k k\u00f6z\u00fcl, hidat alkotva az \u00fcgyv\u00e9di trad\u00edci\u00f3k \u00e9s a XXI. sz\u00e1zad jogi kih\u00edv\u00e1sai k\u00f6z\u00f6tt.\",\"potentialAction\":[{\"@type\":\"SearchAction\",\"target\":{\"@type\":\"EntryPoint\",\"urlTemplate\":\"https:\/\/barnao.hu\/?s={search_term_string}\"},\"query-input\":\"required name=search_term_string\"}],\"inLanguage\":\"en-US\"}]}<\/script>\n<!-- \/ Yoast SEO plugin. -->","yoast_head_json":{"title":"Home - Barna Orsolya \u00dcgyv\u00e9di Iroda","robots":{"index":"index","follow":"follow","max-snippet":"max-snippet:-1","max-image-preview":"max-image-preview:large","max-video-preview":"max-video-preview:-1"},"canonical":"https:\/\/barnao.hu\/en\/","og_locale":"en_US","og_type":"article","og_title":"Home - Barna Orsolya \u00dcgyv\u00e9di Iroda","og_description":"[vc_section full_height=&#8221;yes&#8221; content_placement=&#8221;middle&#8221; el_class=&#8221;main1&#8243; css=&#8221;.vc_custom_1679588163112{padding-top: 90px !important;}&#8221;][vc_row][vc_column el_class=&#8221;mainright&#8221;][vc_column_text el_class=&#8221;headtitle&#8221;] SIMPLE SOLUTIONS also in complex legal issues! [\/vc_column_text][vc_column_text el_class=&#8221;main1mobile&#8221;]Services &gt;[\/vc_column_text][\/vc_column][\/vc_row][\/vc_section][vc_section full_height=&#8221;yes&#8221; content_placement=&#8221;middle&#8221; el_class=&#8221;main2&#8243;][vc_row][vc_column width=&#8221;1\/3&#8243;][vc_single_image image=&#8221;99&#8243; img_size=&#8221;full&#8221; el_class=&#8221;mkep&#8221;][\/vc_column][vc_column width=&#8221;2\/3&#8243; el_class=&#8221;mainright&#8221;][vc_column_text el_class=&#8221;maintext&#8221;] Introduction The Barna Orsolya Law Firm represents the future, setting it apart from traditional law firms, creating a bridge between legal traditions and the legal challenges [&hellip;]","og_url":"https:\/\/barnao.hu\/en\/","og_site_name":"Barna Orsolya \u00dcgyv\u00e9di Iroda","article_modified_time":"2023-04-21T06:02:21+00:00","twitter_card":"summary_large_image","twitter_misc":{"Est. reading time":"1 minute"},"schema":{"@context":"https:\/\/schema.org","@graph":[{"@type":"WebPage","@id":"https:\/\/barnao.hu\/en\/","url":"https:\/\/barnao.hu\/en\/","name":"Home - Barna Orsolya \u00dcgyv\u00e9di Iroda","isPartOf":{"@id":"https:\/\/barnao.hu\/#website"},"datePublished":"2023-02-21T14:24:20+00:00","dateModified":"2023-04-21T06:02:21+00:00","breadcrumb":{"@id":"https:\/\/barnao.hu\/en\/#breadcrumb"},"inLanguage":"en-US","potentialAction":[{"@type":"ReadAction","target":["https:\/\/barnao.hu\/en\/"]}]},{"@type":"BreadcrumbList","@id":"https:\/\/barnao.hu\/en\/#breadcrumb","itemListElement":[{"@type":"ListItem","position":1,"name":"Kezd\u0151lap","item":"https:\/\/barnao.hu\/en\/"},{"@type":"ListItem","position":2,"name":"Home"}]},{"@type":"WebSite","@id":"https:\/\/barnao.hu\/#website","url":"https:\/\/barnao.hu\/","name":"Barna Orsolya \u00dcgyv\u00e9di Iroda","description":"A Barna Orsolya \u00dcgyv\u00e9di Iroda a j\u00f6v\u0151t k\u00e9pviseli, kit\u0171nve ezzel a hagyom\u00e1nyos \u00fcgyv\u00e9di irod\u00e1k k\u00f6z\u00fcl, hidat alkotva az \u00fcgyv\u00e9di trad\u00edci\u00f3k \u00e9s a XXI. sz\u00e1zad jogi kih\u00edv\u00e1sai k\u00f6z\u00f6tt.","potentialAction":[{"@type":"SearchAction","target":{"@type":"EntryPoint","urlTemplate":"https:\/\/barnao.hu\/?s={search_term_string}"},"query-input":"required name=search_term_string"}],"inLanguage":"en-US"}]}},"_links":{"self":[{"href":"https:\/\/barnao.hu\/en\/wp-json\/wp\/v2\/pages\/149","targetHints":{"allow":["GET"]}}],"collection":[{"href":"https:\/\/barnao.hu\/en\/wp-json\/wp\/v2\/pages"}],"about":[{"href":"https:\/\/barnao.hu\/en\/wp-json\/wp\/v2\/types\/page"}],"author":[{"embeddable":true,"href":"https:\/\/barnao.hu\/en\/wp-json\/wp\/v2\/users\/1"}],"replies":[{"embeddable":true,"href":"https:\/\/barnao.hu\/en\/wp-json\/wp\/v2\/comments?post=149"}],"version-history":[{"count":12,"href":"https:\/\/barnao.hu\/en\/wp-json\/wp\/v2\/pages\/149\/revisions"}],"predecessor-version":[{"id":411,"href":"https:\/\/barnao.hu\/en\/wp-json\/wp\/v2\/pages\/149\/revisions\/411"}],"wp:attachment":[{"href":"https:\/\/barnao.hu\/en\/wp-json\/wp\/v2\/media?parent=149"}],"curies":[{"name":"wp","href":"https:\/\/api.w.org\/{rel}","templated":true}]}}