{"id":263,"date":"2023-02-23T03:51:42","date_gmt":"2023-02-23T02:51:42","guid":{"rendered":"http:\/\/barnao.hu\/bemutatkozas\/"},"modified":"2023-06-02T11:51:07","modified_gmt":"2023-06-02T09:51:07","slug":"introduction","status":"publish","type":"page","link":"https:\/\/barnao.hu\/en\/introduction\/","title":{"rendered":"Introduction"},"content":{"rendered":"<p>[vc_row][vc_column][vc_column_text]The founder of the company Dr. Orsolya Barna LLM lawyer, responsible accredited public procurement consultant, compliance and sustainability specialist (EFPA ESG adviser). She has extensive experience in public procurement and compliance on the government, local government and corporate side, author of several green, sustainable public procurement publications and public procurement textbooks. She is also the lead instructor of the public procurement lawyer training at the De\u00e1k Ferenc School Of Postgraduate Studies at P\u00e1zm\u00e1ny P\u00e9ter Catholic University, and a regular speaker at the Hungarian Public Procurement Authority\u2019s conferences.[\/vc_column_text][\/vc_column][\/vc_row][vc_row el_class=&#8221;desk&#8221;][vc_column][vc_single_image image=&#8221;424&#8243; img_size=&#8221;full&#8221; alignment=&#8221;center&#8221; el_class=&#8221;fullwidth&#8221;][\/vc_column][\/vc_row][vc_row el_class=&#8221;mob&#8221;][vc_column][vc_single_image image=&#8221;427&#8243; img_size=&#8221;full&#8221; alignment=&#8221;center&#8221; el_class=&#8221;fullwidth&#8221;][\/vc_column][\/vc_row][vc_row][vc_column][vc_column_text]<strong>Our firm has built an extensive network of experts of other fields, thus able to swiftly and efficiently handle complex professional problems that may reach beyond legal issues for the benefit of our clients.<\/strong><\/p>\n<p>Our chosen symbol, the dragon, has been an important spiritual creature in both Eastern and Western cultures: it symbolizes perseverance, loyalty, good luck, the power of imagination and the ability to rise above the ordinary. Accordingly, we commit our knowledge and expertise to the service of our clients, offering long-term solutions, even in the most complex legal situations.[\/vc_column_text][\/vc_column][\/vc_row][vc_row][vc_column][vc_single_image image=&#8221;383&#8243; img_size=&#8221;full&#8221; el_class=&#8221;fullwidth&#8221;][\/vc_column][\/vc_row]<\/p>\n","protected":false},"excerpt":{"rendered":"<p>[vc_row][vc_column][vc_column_text]The founder of the company Dr. Orsolya Barna LLM lawyer, responsible accredited public procurement consultant, compliance and sustainability specialist (EFPA ESG adviser). She has extensive experience in public procurement and compliance on the government, local government and corporate side, author of several green, sustainable public procurement publications and public procurement textbooks. She is also the [&hellip;]<\/p>\n","protected":false},"author":1,"featured_media":0,"parent":0,"menu_order":0,"comment_status":"closed","ping_status":"closed","template":"","meta":{"footnotes":""},"class_list":["post-263","page","type-page","status-publish","hentry"],"yoast_head":"<!-- This site is optimized with the Yoast SEO plugin v20.10 - https:\/\/yoast.com\/wordpress\/plugins\/seo\/ -->\n<title>Introduction - Barna Orsolya \u00dcgyv\u00e9di Iroda<\/title>\n<meta name=\"robots\" content=\"index, follow, max-snippet:-1, max-image-preview:large, max-video-preview:-1\" \/>\n<link rel=\"canonical\" href=\"https:\/\/barnao.hu\/en\/introduction\/\" \/>\n<meta property=\"og:locale\" content=\"en_US\" \/>\n<meta property=\"og:type\" content=\"article\" \/>\n<meta property=\"og:title\" content=\"Introduction - Barna Orsolya \u00dcgyv\u00e9di Iroda\" \/>\n<meta property=\"og:description\" content=\"[vc_row][vc_column][vc_column_text]The founder of the company Dr. Orsolya Barna LLM lawyer, responsible accredited public procurement consultant, compliance and sustainability specialist (EFPA ESG adviser). She has extensive experience in public procurement and compliance on the government, local government and corporate side, author of several green, sustainable public procurement publications and public procurement textbooks. She is also the [&hellip;]\" \/>\n<meta property=\"og:url\" content=\"https:\/\/barnao.hu\/en\/introduction\/\" \/>\n<meta property=\"og:site_name\" content=\"Barna Orsolya \u00dcgyv\u00e9di Iroda\" \/>\n<meta property=\"article:modified_time\" content=\"2023-06-02T09:51:07+00:00\" \/>\n<meta name=\"twitter:card\" content=\"summary_large_image\" \/>\n<meta name=\"twitter:label1\" content=\"Est. reading time\" \/>\n\t<meta name=\"twitter:data1\" content=\"2 minutes\" \/>\n<script type=\"application\/ld+json\" class=\"yoast-schema-graph\">{\"@context\":\"https:\/\/schema.org\",\"@graph\":[{\"@type\":\"WebPage\",\"@id\":\"https:\/\/barnao.hu\/en\/introduction\/\",\"url\":\"https:\/\/barnao.hu\/en\/introduction\/\",\"name\":\"Introduction - Barna Orsolya \u00dcgyv\u00e9di Iroda\",\"isPartOf\":{\"@id\":\"https:\/\/barnao.hu\/#website\"},\"datePublished\":\"2023-02-23T02:51:42+00:00\",\"dateModified\":\"2023-06-02T09:51:07+00:00\",\"breadcrumb\":{\"@id\":\"https:\/\/barnao.hu\/en\/introduction\/#breadcrumb\"},\"inLanguage\":\"en-US\",\"potentialAction\":[{\"@type\":\"ReadAction\",\"target\":[\"https:\/\/barnao.hu\/en\/introduction\/\"]}]},{\"@type\":\"BreadcrumbList\",\"@id\":\"https:\/\/barnao.hu\/en\/introduction\/#breadcrumb\",\"itemListElement\":[{\"@type\":\"ListItem\",\"position\":1,\"name\":\"Kezd\u0151lap\",\"item\":\"https:\/\/barnao.hu\/en\/\"},{\"@type\":\"ListItem\",\"position\":2,\"name\":\"Introduction\"}]},{\"@type\":\"WebSite\",\"@id\":\"https:\/\/barnao.hu\/#website\",\"url\":\"https:\/\/barnao.hu\/\",\"name\":\"Barna Orsolya \u00dcgyv\u00e9di Iroda\",\"description\":\"A Barna Orsolya \u00dcgyv\u00e9di Iroda a j\u00f6v\u0151t k\u00e9pviseli, kit\u0171nve ezzel a hagyom\u00e1nyos \u00fcgyv\u00e9di irod\u00e1k k\u00f6z\u00fcl, hidat alkotva az \u00fcgyv\u00e9di trad\u00edci\u00f3k \u00e9s a XXI. sz\u00e1zad jogi kih\u00edv\u00e1sai k\u00f6z\u00f6tt.\",\"potentialAction\":[{\"@type\":\"SearchAction\",\"target\":{\"@type\":\"EntryPoint\",\"urlTemplate\":\"https:\/\/barnao.hu\/?s={search_term_string}\"},\"query-input\":\"required name=search_term_string\"}],\"inLanguage\":\"en-US\"}]}<\/script>\n<!-- \/ Yoast SEO plugin. -->","yoast_head_json":{"title":"Introduction - Barna Orsolya \u00dcgyv\u00e9di Iroda","robots":{"index":"index","follow":"follow","max-snippet":"max-snippet:-1","max-image-preview":"max-image-preview:large","max-video-preview":"max-video-preview:-1"},"canonical":"https:\/\/barnao.hu\/en\/introduction\/","og_locale":"en_US","og_type":"article","og_title":"Introduction - Barna Orsolya \u00dcgyv\u00e9di Iroda","og_description":"[vc_row][vc_column][vc_column_text]The founder of the company Dr. Orsolya Barna LLM lawyer, responsible accredited public procurement consultant, compliance and sustainability specialist (EFPA ESG adviser). She has extensive experience in public procurement and compliance on the government, local government and corporate side, author of several green, sustainable public procurement publications and public procurement textbooks. She is also the [&hellip;]","og_url":"https:\/\/barnao.hu\/en\/introduction\/","og_site_name":"Barna Orsolya \u00dcgyv\u00e9di Iroda","article_modified_time":"2023-06-02T09:51:07+00:00","twitter_card":"summary_large_image","twitter_misc":{"Est. reading time":"2 minutes"},"schema":{"@context":"https:\/\/schema.org","@graph":[{"@type":"WebPage","@id":"https:\/\/barnao.hu\/en\/introduction\/","url":"https:\/\/barnao.hu\/en\/introduction\/","name":"Introduction - Barna Orsolya \u00dcgyv\u00e9di Iroda","isPartOf":{"@id":"https:\/\/barnao.hu\/#website"},"datePublished":"2023-02-23T02:51:42+00:00","dateModified":"2023-06-02T09:51:07+00:00","breadcrumb":{"@id":"https:\/\/barnao.hu\/en\/introduction\/#breadcrumb"},"inLanguage":"en-US","potentialAction":[{"@type":"ReadAction","target":["https:\/\/barnao.hu\/en\/introduction\/"]}]},{"@type":"BreadcrumbList","@id":"https:\/\/barnao.hu\/en\/introduction\/#breadcrumb","itemListElement":[{"@type":"ListItem","position":1,"name":"Kezd\u0151lap","item":"https:\/\/barnao.hu\/en\/"},{"@type":"ListItem","position":2,"name":"Introduction"}]},{"@type":"WebSite","@id":"https:\/\/barnao.hu\/#website","url":"https:\/\/barnao.hu\/","name":"Barna Orsolya \u00dcgyv\u00e9di Iroda","description":"A Barna Orsolya \u00dcgyv\u00e9di Iroda a j\u00f6v\u0151t k\u00e9pviseli, kit\u0171nve ezzel a hagyom\u00e1nyos \u00fcgyv\u00e9di irod\u00e1k k\u00f6z\u00fcl, hidat alkotva az \u00fcgyv\u00e9di trad\u00edci\u00f3k \u00e9s a XXI. sz\u00e1zad jogi kih\u00edv\u00e1sai k\u00f6z\u00f6tt.","potentialAction":[{"@type":"SearchAction","target":{"@type":"EntryPoint","urlTemplate":"https:\/\/barnao.hu\/?s={search_term_string}"},"query-input":"required name=search_term_string"}],"inLanguage":"en-US"}]}},"_links":{"self":[{"href":"https:\/\/barnao.hu\/en\/wp-json\/wp\/v2\/pages\/263","targetHints":{"allow":["GET"]}}],"collection":[{"href":"https:\/\/barnao.hu\/en\/wp-json\/wp\/v2\/pages"}],"about":[{"href":"https:\/\/barnao.hu\/en\/wp-json\/wp\/v2\/types\/page"}],"author":[{"embeddable":true,"href":"https:\/\/barnao.hu\/en\/wp-json\/wp\/v2\/users\/1"}],"replies":[{"embeddable":true,"href":"https:\/\/barnao.hu\/en\/wp-json\/wp\/v2\/comments?post=263"}],"version-history":[{"count":6,"href":"https:\/\/barnao.hu\/en\/wp-json\/wp\/v2\/pages\/263\/revisions"}],"predecessor-version":[{"id":429,"href":"https:\/\/barnao.hu\/en\/wp-json\/wp\/v2\/pages\/263\/revisions\/429"}],"wp:attachment":[{"href":"https:\/\/barnao.hu\/en\/wp-json\/wp\/v2\/media?parent=263"}],"curies":[{"name":"wp","href":"https:\/\/api.w.org\/{rel}","templated":true}]}}