{"id":276,"date":"2023-02-24T13:42:15","date_gmt":"2023-02-24T12:42:15","guid":{"rendered":"http:\/\/barnao.hu\/services\/gdpr-incidenskezeles\/"},"modified":"2023-06-28T14:38:58","modified_gmt":"2023-06-28T12:38:58","slug":"gdpr","status":"publish","type":"page","link":"https:\/\/barnao.hu\/en\/services\/gdpr\/","title":{"rendered":"GDPR"},"content":{"rendered":"<p>[vc_row][vc_column][vc_column_text]<strong>WHAT WE PROVIDE OUR CUSTOMERS IN THE FIELD OF GDPR<\/strong><\/p>\n<p>We have extensive GDPR experience, even in special areas such as creating the GDPR background for large public events, festivals or incubation programs, handling GDPR issue in connection with tenders, professionally developing data management information sheets, drafting data processing contracts, etc.<\/p>\n<p>As we have experienced, a significant percentage of the GDPR documents of legal entities not only do not meet the requirements of the EU GDPR data protection law, but are incorrect, the concepts of GDPR information and regulations are often confused, and it is also not uncommon that the client statements made in connection with cookies are misleading, while the amount of fines in this area are noticeably increasing.<\/p>\n<p>Do not expose your organization to this risk, entrust the compilation of your GDPR documents to experts who keep the unique needs and activities of your company in mind, as a single data protection fine may result in a serious loss of trust, causing significant reputational damage from the customer&#8217;s perspective.<\/p>\n<p><strong>What we offer:<\/strong><\/p>\n<ul>\n<li>assessment and management of GDPR risks,<\/li>\n<li>establishing full GDPR compatibility,<\/li>\n<li>preparation and continuous update of GDPR documents,<\/li>\n<li>data protection management.<\/li>\n<\/ul>\n<p>[\/vc_column_text][\/vc_column][\/vc_row]<\/p>\n","protected":false},"excerpt":{"rendered":"<p>[vc_row][vc_column][vc_column_text]WHAT WE PROVIDE OUR CUSTOMERS IN THE FIELD OF GDPR We have extensive GDPR experience, even in special areas such as creating the GDPR background for large public events, festivals or incubation programs, handling GDPR issue in connection with tenders, professionally developing data management information sheets, drafting data processing contracts, etc. As we have experienced, [&hellip;]<\/p>\n","protected":false},"author":1,"featured_media":0,"parent":154,"menu_order":0,"comment_status":"closed","ping_status":"closed","template":"","meta":{"footnotes":""},"class_list":["post-276","page","type-page","status-publish","hentry"],"yoast_head":"<!-- This site is optimized with the Yoast SEO plugin v20.10 - https:\/\/yoast.com\/wordpress\/plugins\/seo\/ -->\n<title>GDPR - Barna Orsolya \u00dcgyv\u00e9di Iroda<\/title>\n<meta name=\"description\" content=\"We have extensive GDPR experience, even in special areas such as creating the GDPR background for large public events, festivals or incubation programs,.\" \/>\n<meta name=\"robots\" content=\"index, follow, max-snippet:-1, max-image-preview:large, max-video-preview:-1\" \/>\n<link rel=\"canonical\" href=\"https:\/\/barnao.hu\/en\/services\/gdpr\/\" \/>\n<meta property=\"og:locale\" content=\"en_US\" \/>\n<meta property=\"og:type\" content=\"article\" \/>\n<meta property=\"og:title\" content=\"GDPR - Barna Orsolya \u00dcgyv\u00e9di Iroda\" \/>\n<meta property=\"og:description\" content=\"We have extensive GDPR experience, even in special areas such as creating the GDPR background for large public events, festivals or incubation programs,.\" \/>\n<meta property=\"og:url\" content=\"https:\/\/barnao.hu\/en\/services\/gdpr\/\" \/>\n<meta property=\"og:site_name\" content=\"Barna Orsolya \u00dcgyv\u00e9di Iroda\" \/>\n<meta property=\"article:modified_time\" content=\"2023-06-28T12:38:58+00:00\" \/>\n<meta name=\"twitter:card\" content=\"summary_large_image\" \/>\n<meta name=\"twitter:label1\" content=\"Est. reading time\" \/>\n\t<meta name=\"twitter:data1\" content=\"2 minutes\" \/>\n<script type=\"application\/ld+json\" class=\"yoast-schema-graph\">{\"@context\":\"https:\/\/schema.org\",\"@graph\":[{\"@type\":\"WebPage\",\"@id\":\"https:\/\/barnao.hu\/en\/services\/gdpr\/\",\"url\":\"https:\/\/barnao.hu\/en\/services\/gdpr\/\",\"name\":\"GDPR - Barna Orsolya \u00dcgyv\u00e9di Iroda\",\"isPartOf\":{\"@id\":\"https:\/\/barnao.hu\/#website\"},\"datePublished\":\"2023-02-24T12:42:15+00:00\",\"dateModified\":\"2023-06-28T12:38:58+00:00\",\"description\":\"We have extensive GDPR experience, even in special areas such as creating the GDPR background for large public events, festivals or incubation programs,.\",\"breadcrumb\":{\"@id\":\"https:\/\/barnao.hu\/en\/services\/gdpr\/#breadcrumb\"},\"inLanguage\":\"en-US\",\"potentialAction\":[{\"@type\":\"ReadAction\",\"target\":[\"https:\/\/barnao.hu\/en\/services\/gdpr\/\"]}]},{\"@type\":\"BreadcrumbList\",\"@id\":\"https:\/\/barnao.hu\/en\/services\/gdpr\/#breadcrumb\",\"itemListElement\":[{\"@type\":\"ListItem\",\"position\":1,\"name\":\"Kezd\u0151lap\",\"item\":\"https:\/\/barnao.hu\/en\/\"},{\"@type\":\"ListItem\",\"position\":2,\"name\":\"Services\",\"item\":\"https:\/\/barnao.hu\/en\/services\/\"},{\"@type\":\"ListItem\",\"position\":3,\"name\":\"GDPR\"}]},{\"@type\":\"WebSite\",\"@id\":\"https:\/\/barnao.hu\/#website\",\"url\":\"https:\/\/barnao.hu\/\",\"name\":\"Barna Orsolya \u00dcgyv\u00e9di Iroda\",\"description\":\"A Barna Orsolya \u00dcgyv\u00e9di Iroda a j\u00f6v\u0151t k\u00e9pviseli, kit\u0171nve ezzel a hagyom\u00e1nyos \u00fcgyv\u00e9di irod\u00e1k k\u00f6z\u00fcl, hidat alkotva az \u00fcgyv\u00e9di trad\u00edci\u00f3k \u00e9s a XXI. sz\u00e1zad jogi kih\u00edv\u00e1sai k\u00f6z\u00f6tt.\",\"potentialAction\":[{\"@type\":\"SearchAction\",\"target\":{\"@type\":\"EntryPoint\",\"urlTemplate\":\"https:\/\/barnao.hu\/?s={search_term_string}\"},\"query-input\":\"required name=search_term_string\"}],\"inLanguage\":\"en-US\"}]}<\/script>\n<!-- \/ Yoast SEO plugin. -->","yoast_head_json":{"title":"GDPR - Barna Orsolya \u00dcgyv\u00e9di Iroda","description":"We have extensive GDPR experience, even in special areas such as creating the GDPR background for large public events, festivals or incubation programs,.","robots":{"index":"index","follow":"follow","max-snippet":"max-snippet:-1","max-image-preview":"max-image-preview:large","max-video-preview":"max-video-preview:-1"},"canonical":"https:\/\/barnao.hu\/en\/services\/gdpr\/","og_locale":"en_US","og_type":"article","og_title":"GDPR - Barna Orsolya \u00dcgyv\u00e9di Iroda","og_description":"We have extensive GDPR experience, even in special areas such as creating the GDPR background for large public events, festivals or incubation programs,.","og_url":"https:\/\/barnao.hu\/en\/services\/gdpr\/","og_site_name":"Barna Orsolya \u00dcgyv\u00e9di Iroda","article_modified_time":"2023-06-28T12:38:58+00:00","twitter_card":"summary_large_image","twitter_misc":{"Est. reading time":"2 minutes"},"schema":{"@context":"https:\/\/schema.org","@graph":[{"@type":"WebPage","@id":"https:\/\/barnao.hu\/en\/services\/gdpr\/","url":"https:\/\/barnao.hu\/en\/services\/gdpr\/","name":"GDPR - Barna Orsolya \u00dcgyv\u00e9di Iroda","isPartOf":{"@id":"https:\/\/barnao.hu\/#website"},"datePublished":"2023-02-24T12:42:15+00:00","dateModified":"2023-06-28T12:38:58+00:00","description":"We have extensive GDPR experience, even in special areas such as creating the GDPR background for large public events, festivals or incubation programs,.","breadcrumb":{"@id":"https:\/\/barnao.hu\/en\/services\/gdpr\/#breadcrumb"},"inLanguage":"en-US","potentialAction":[{"@type":"ReadAction","target":["https:\/\/barnao.hu\/en\/services\/gdpr\/"]}]},{"@type":"BreadcrumbList","@id":"https:\/\/barnao.hu\/en\/services\/gdpr\/#breadcrumb","itemListElement":[{"@type":"ListItem","position":1,"name":"Kezd\u0151lap","item":"https:\/\/barnao.hu\/en\/"},{"@type":"ListItem","position":2,"name":"Services","item":"https:\/\/barnao.hu\/en\/services\/"},{"@type":"ListItem","position":3,"name":"GDPR"}]},{"@type":"WebSite","@id":"https:\/\/barnao.hu\/#website","url":"https:\/\/barnao.hu\/","name":"Barna Orsolya \u00dcgyv\u00e9di Iroda","description":"A Barna Orsolya \u00dcgyv\u00e9di Iroda a j\u00f6v\u0151t k\u00e9pviseli, kit\u0171nve ezzel a hagyom\u00e1nyos \u00fcgyv\u00e9di irod\u00e1k k\u00f6z\u00fcl, hidat alkotva az \u00fcgyv\u00e9di trad\u00edci\u00f3k \u00e9s a XXI. sz\u00e1zad jogi kih\u00edv\u00e1sai k\u00f6z\u00f6tt.","potentialAction":[{"@type":"SearchAction","target":{"@type":"EntryPoint","urlTemplate":"https:\/\/barnao.hu\/?s={search_term_string}"},"query-input":"required name=search_term_string"}],"inLanguage":"en-US"}]}},"_links":{"self":[{"href":"https:\/\/barnao.hu\/en\/wp-json\/wp\/v2\/pages\/276","targetHints":{"allow":["GET"]}}],"collection":[{"href":"https:\/\/barnao.hu\/en\/wp-json\/wp\/v2\/pages"}],"about":[{"href":"https:\/\/barnao.hu\/en\/wp-json\/wp\/v2\/types\/page"}],"author":[{"embeddable":true,"href":"https:\/\/barnao.hu\/en\/wp-json\/wp\/v2\/users\/1"}],"replies":[{"embeddable":true,"href":"https:\/\/barnao.hu\/en\/wp-json\/wp\/v2\/comments?post=276"}],"version-history":[{"count":1,"href":"https:\/\/barnao.hu\/en\/wp-json\/wp\/v2\/pages\/276\/revisions"}],"predecessor-version":[{"id":277,"href":"https:\/\/barnao.hu\/en\/wp-json\/wp\/v2\/pages\/276\/revisions\/277"}],"up":[{"embeddable":true,"href":"https:\/\/barnao.hu\/en\/wp-json\/wp\/v2\/pages\/154"}],"wp:attachment":[{"href":"https:\/\/barnao.hu\/en\/wp-json\/wp\/v2\/media?parent=276"}],"curies":[{"name":"wp","href":"https:\/\/api.w.org\/{rel}","templated":true}]}}