{"id":279,"date":"2023-02-24T13:38:23","date_gmt":"2023-02-24T12:38:23","guid":{"rendered":"http:\/\/barnao.hu\/services\/iparjogvedelemi-es-szerzoi-jogi-tanacsadas\/"},"modified":"2023-06-28T14:38:40","modified_gmt":"2023-06-28T12:38:40","slug":"industrial-property-rights-and-copyright-consulting","status":"publish","type":"page","link":"https:\/\/barnao.hu\/en\/services\/industrial-property-rights-and-copyright-consulting\/","title":{"rendered":"Industrial property rights and copyright consulting"},"content":{"rendered":"<p>[vc_row][vc_column][vc_column_text]Today, the value of a company is determined more and more by its protected intellectual property instead of its assets, but this is a very specialized area of law, and in the absence of sufficient expertise, companies and inventors often will be victims of avoidance or abuse.<\/p>\n<p>The Barna Orsolya Law Firm is dedicated to help navigate the rather specialized issues of industrial property protection and intellectual property management. When an individual or a company or even a start-up is faced with these problems for the first time, it is often difficult to identify what needs to be done, to decide what, how and when is protection required, when it is worth entering the market with a product, how can a company owner can be sure that their intellectual property is protected.<\/p>\n<p><strong>What we offer:<\/strong><\/p>\n<ul>\n<li>customized industrial rights protection strategy,<\/li>\n<li>determination of the most optimal form of protection,<\/li>\n<li>assistance in the optimal form of disclosure,<\/li>\n<li>development of a system of confidentiality agreements in order to prevent legal disputes.<\/li>\n<\/ul>\n<p>[\/vc_column_text][\/vc_column][\/vc_row]<\/p>\n","protected":false},"excerpt":{"rendered":"<p>[vc_row][vc_column][vc_column_text]Today, the value of a company is determined more and more by its protected intellectual property instead of its assets, but this is a very specialized area of law, and in the absence of sufficient expertise, companies and inventors often will be victims of avoidance or abuse. The Barna Orsolya Law Firm is dedicated to [&hellip;]<\/p>\n","protected":false},"author":1,"featured_media":0,"parent":154,"menu_order":0,"comment_status":"closed","ping_status":"closed","template":"","meta":{"footnotes":""},"class_list":["post-279","page","type-page","status-publish","hentry"],"yoast_head":"<!-- This site is optimized with the Yoast SEO plugin v20.10 - https:\/\/yoast.com\/wordpress\/plugins\/seo\/ -->\n<title>Industrial property rights and copyright consulting - Barna Orsolya \u00dcgyv\u00e9di Iroda<\/title>\n<meta name=\"description\" content=\"The Barna Orsolya Law Firm is dedicated to help navigate the rather specialized issues of industrial property protection and intellectual property management.\" \/>\n<meta name=\"robots\" content=\"index, follow, max-snippet:-1, max-image-preview:large, max-video-preview:-1\" \/>\n<link rel=\"canonical\" href=\"https:\/\/barnao.hu\/en\/services\/industrial-property-rights-and-copyright-consulting\/\" \/>\n<meta property=\"og:locale\" content=\"en_US\" \/>\n<meta property=\"og:type\" content=\"article\" \/>\n<meta property=\"og:title\" content=\"Industrial property rights and copyright consulting - Barna Orsolya \u00dcgyv\u00e9di Iroda\" \/>\n<meta property=\"og:description\" content=\"The Barna Orsolya Law Firm is dedicated to help navigate the rather specialized issues of industrial property protection and intellectual property management.\" \/>\n<meta property=\"og:url\" content=\"https:\/\/barnao.hu\/en\/services\/industrial-property-rights-and-copyright-consulting\/\" \/>\n<meta property=\"og:site_name\" content=\"Barna Orsolya \u00dcgyv\u00e9di Iroda\" \/>\n<meta property=\"article:modified_time\" content=\"2023-06-28T12:38:40+00:00\" \/>\n<meta name=\"twitter:card\" content=\"summary_large_image\" \/>\n<meta name=\"twitter:label1\" content=\"Est. reading time\" \/>\n\t<meta name=\"twitter:data1\" content=\"1 minute\" \/>\n<script type=\"application\/ld+json\" class=\"yoast-schema-graph\">{\"@context\":\"https:\/\/schema.org\",\"@graph\":[{\"@type\":\"WebPage\",\"@id\":\"https:\/\/barnao.hu\/en\/services\/industrial-property-rights-and-copyright-consulting\/\",\"url\":\"https:\/\/barnao.hu\/en\/services\/industrial-property-rights-and-copyright-consulting\/\",\"name\":\"Industrial property rights and copyright consulting - Barna Orsolya \u00dcgyv\u00e9di Iroda\",\"isPartOf\":{\"@id\":\"https:\/\/barnao.hu\/#website\"},\"datePublished\":\"2023-02-24T12:38:23+00:00\",\"dateModified\":\"2023-06-28T12:38:40+00:00\",\"description\":\"The Barna Orsolya Law Firm is dedicated to help navigate the rather specialized issues of industrial property protection and intellectual property management.\",\"breadcrumb\":{\"@id\":\"https:\/\/barnao.hu\/en\/services\/industrial-property-rights-and-copyright-consulting\/#breadcrumb\"},\"inLanguage\":\"en-US\",\"potentialAction\":[{\"@type\":\"ReadAction\",\"target\":[\"https:\/\/barnao.hu\/en\/services\/industrial-property-rights-and-copyright-consulting\/\"]}]},{\"@type\":\"BreadcrumbList\",\"@id\":\"https:\/\/barnao.hu\/en\/services\/industrial-property-rights-and-copyright-consulting\/#breadcrumb\",\"itemListElement\":[{\"@type\":\"ListItem\",\"position\":1,\"name\":\"Kezd\u0151lap\",\"item\":\"https:\/\/barnao.hu\/en\/\"},{\"@type\":\"ListItem\",\"position\":2,\"name\":\"Services\",\"item\":\"https:\/\/barnao.hu\/en\/services\/\"},{\"@type\":\"ListItem\",\"position\":3,\"name\":\"Industrial property rights and copyright consulting\"}]},{\"@type\":\"WebSite\",\"@id\":\"https:\/\/barnao.hu\/#website\",\"url\":\"https:\/\/barnao.hu\/\",\"name\":\"Barna Orsolya \u00dcgyv\u00e9di Iroda\",\"description\":\"A Barna Orsolya \u00dcgyv\u00e9di Iroda a j\u00f6v\u0151t k\u00e9pviseli, kit\u0171nve ezzel a hagyom\u00e1nyos \u00fcgyv\u00e9di irod\u00e1k k\u00f6z\u00fcl, hidat alkotva az \u00fcgyv\u00e9di trad\u00edci\u00f3k \u00e9s a XXI. sz\u00e1zad jogi kih\u00edv\u00e1sai k\u00f6z\u00f6tt.\",\"potentialAction\":[{\"@type\":\"SearchAction\",\"target\":{\"@type\":\"EntryPoint\",\"urlTemplate\":\"https:\/\/barnao.hu\/?s={search_term_string}\"},\"query-input\":\"required name=search_term_string\"}],\"inLanguage\":\"en-US\"}]}<\/script>\n<!-- \/ Yoast SEO plugin. -->","yoast_head_json":{"title":"Industrial property rights and copyright consulting - Barna Orsolya \u00dcgyv\u00e9di Iroda","description":"The Barna Orsolya Law Firm is dedicated to help navigate the rather specialized issues of industrial property protection and intellectual property management.","robots":{"index":"index","follow":"follow","max-snippet":"max-snippet:-1","max-image-preview":"max-image-preview:large","max-video-preview":"max-video-preview:-1"},"canonical":"https:\/\/barnao.hu\/en\/services\/industrial-property-rights-and-copyright-consulting\/","og_locale":"en_US","og_type":"article","og_title":"Industrial property rights and copyright consulting - Barna Orsolya \u00dcgyv\u00e9di Iroda","og_description":"The Barna Orsolya Law Firm is dedicated to help navigate the rather specialized issues of industrial property protection and intellectual property management.","og_url":"https:\/\/barnao.hu\/en\/services\/industrial-property-rights-and-copyright-consulting\/","og_site_name":"Barna Orsolya \u00dcgyv\u00e9di Iroda","article_modified_time":"2023-06-28T12:38:40+00:00","twitter_card":"summary_large_image","twitter_misc":{"Est. reading time":"1 minute"},"schema":{"@context":"https:\/\/schema.org","@graph":[{"@type":"WebPage","@id":"https:\/\/barnao.hu\/en\/services\/industrial-property-rights-and-copyright-consulting\/","url":"https:\/\/barnao.hu\/en\/services\/industrial-property-rights-and-copyright-consulting\/","name":"Industrial property rights and copyright consulting - Barna Orsolya \u00dcgyv\u00e9di Iroda","isPartOf":{"@id":"https:\/\/barnao.hu\/#website"},"datePublished":"2023-02-24T12:38:23+00:00","dateModified":"2023-06-28T12:38:40+00:00","description":"The Barna Orsolya Law Firm is dedicated to help navigate the rather specialized issues of industrial property protection and intellectual property management.","breadcrumb":{"@id":"https:\/\/barnao.hu\/en\/services\/industrial-property-rights-and-copyright-consulting\/#breadcrumb"},"inLanguage":"en-US","potentialAction":[{"@type":"ReadAction","target":["https:\/\/barnao.hu\/en\/services\/industrial-property-rights-and-copyright-consulting\/"]}]},{"@type":"BreadcrumbList","@id":"https:\/\/barnao.hu\/en\/services\/industrial-property-rights-and-copyright-consulting\/#breadcrumb","itemListElement":[{"@type":"ListItem","position":1,"name":"Kezd\u0151lap","item":"https:\/\/barnao.hu\/en\/"},{"@type":"ListItem","position":2,"name":"Services","item":"https:\/\/barnao.hu\/en\/services\/"},{"@type":"ListItem","position":3,"name":"Industrial property rights and copyright consulting"}]},{"@type":"WebSite","@id":"https:\/\/barnao.hu\/#website","url":"https:\/\/barnao.hu\/","name":"Barna Orsolya \u00dcgyv\u00e9di Iroda","description":"A Barna Orsolya \u00dcgyv\u00e9di Iroda a j\u00f6v\u0151t k\u00e9pviseli, kit\u0171nve ezzel a hagyom\u00e1nyos \u00fcgyv\u00e9di irod\u00e1k k\u00f6z\u00fcl, hidat alkotva az \u00fcgyv\u00e9di trad\u00edci\u00f3k \u00e9s a XXI. sz\u00e1zad jogi kih\u00edv\u00e1sai k\u00f6z\u00f6tt.","potentialAction":[{"@type":"SearchAction","target":{"@type":"EntryPoint","urlTemplate":"https:\/\/barnao.hu\/?s={search_term_string}"},"query-input":"required name=search_term_string"}],"inLanguage":"en-US"}]}},"_links":{"self":[{"href":"https:\/\/barnao.hu\/en\/wp-json\/wp\/v2\/pages\/279","targetHints":{"allow":["GET"]}}],"collection":[{"href":"https:\/\/barnao.hu\/en\/wp-json\/wp\/v2\/pages"}],"about":[{"href":"https:\/\/barnao.hu\/en\/wp-json\/wp\/v2\/types\/page"}],"author":[{"embeddable":true,"href":"https:\/\/barnao.hu\/en\/wp-json\/wp\/v2\/users\/1"}],"replies":[{"embeddable":true,"href":"https:\/\/barnao.hu\/en\/wp-json\/wp\/v2\/comments?post=279"}],"version-history":[{"count":2,"href":"https:\/\/barnao.hu\/en\/wp-json\/wp\/v2\/pages\/279\/revisions"}],"predecessor-version":[{"id":281,"href":"https:\/\/barnao.hu\/en\/wp-json\/wp\/v2\/pages\/279\/revisions\/281"}],"up":[{"embeddable":true,"href":"https:\/\/barnao.hu\/en\/wp-json\/wp\/v2\/pages\/154"}],"wp:attachment":[{"href":"https:\/\/barnao.hu\/en\/wp-json\/wp\/v2\/media?parent=279"}],"curies":[{"name":"wp","href":"https:\/\/api.w.org\/{rel}","templated":true}]}}