{"id":283,"date":"2023-02-24T13:37:21","date_gmt":"2023-02-24T12:37:21","guid":{"rendered":"http:\/\/barnao.hu\/services\/palyazatiras-projektmenedzsment\/"},"modified":"2023-03-23T16:14:28","modified_gmt":"2023-03-23T15:14:28","slug":"application-process-project-management","status":"publish","type":"page","link":"https:\/\/barnao.hu\/en\/services\/application-process-project-management\/","title":{"rendered":"Application process, project management"},"content":{"rendered":"<p>[vc_row][vc_column][vc_column_text]Our law firm offer full support to our clients interested in domestic and EU grant funds with outstanding professional knowledge. We are stable, reliable professional partners for our clients to whom we provide predictable, completely personalized development support.[\/vc_column_text][vc_column_text]<strong>What we offer:<\/strong><\/p>\n<ul>\n<li>thorough knowledge of European Union law and tendering system<\/li>\n<li>complete tender writing<\/li>\n<li>project management<\/li>\n<li>TWINNING application expertise<\/li>\n<li>experience in conducting international PRAG procedures<\/li>\n<\/ul>\n<p>[\/vc_column_text][\/vc_column][\/vc_row]<\/p>\n","protected":false},"excerpt":{"rendered":"<p>[vc_row][vc_column][vc_column_text]Our law firm offer full support to our clients interested in domestic and EU grant funds with outstanding professional knowledge. We are stable, reliable professional partners for our clients to whom we provide predictable, completely personalized development support.[\/vc_column_text][vc_column_text]What we offer: thorough knowledge of European Union law and tendering system complete tender writing project management TWINNING [&hellip;]<\/p>\n","protected":false},"author":1,"featured_media":0,"parent":154,"menu_order":0,"comment_status":"closed","ping_status":"closed","template":"","meta":{"footnotes":""},"class_list":["post-283","page","type-page","status-publish","hentry"],"yoast_head":"<!-- This site is optimized with the Yoast SEO plugin v20.10 - https:\/\/yoast.com\/wordpress\/plugins\/seo\/ -->\n<title>Application process, project management - Barna Orsolya \u00dcgyv\u00e9di Iroda<\/title>\n<meta name=\"robots\" content=\"index, follow, max-snippet:-1, max-image-preview:large, max-video-preview:-1\" \/>\n<link rel=\"canonical\" href=\"https:\/\/barnao.hu\/en\/services\/application-process-project-management\/\" \/>\n<meta property=\"og:locale\" content=\"en_US\" \/>\n<meta property=\"og:type\" content=\"article\" \/>\n<meta property=\"og:title\" content=\"Application process, project management - Barna Orsolya \u00dcgyv\u00e9di Iroda\" \/>\n<meta property=\"og:description\" content=\"[vc_row][vc_column][vc_column_text]Our law firm offer full support to our clients interested in domestic and EU grant funds with outstanding professional knowledge. We are stable, reliable professional partners for our clients to whom we provide predictable, completely personalized development support.[\/vc_column_text][vc_column_text]What we offer: thorough knowledge of European Union law and tendering system complete tender writing project management TWINNING [&hellip;]\" \/>\n<meta property=\"og:url\" content=\"https:\/\/barnao.hu\/en\/services\/application-process-project-management\/\" \/>\n<meta property=\"og:site_name\" content=\"Barna Orsolya \u00dcgyv\u00e9di Iroda\" \/>\n<meta property=\"article:modified_time\" content=\"2023-03-23T15:14:28+00:00\" \/>\n<meta name=\"twitter:card\" content=\"summary_large_image\" \/>\n<meta name=\"twitter:label1\" content=\"Est. reading time\" \/>\n\t<meta name=\"twitter:data1\" content=\"1 minute\" \/>\n<script type=\"application\/ld+json\" class=\"yoast-schema-graph\">{\"@context\":\"https:\/\/schema.org\",\"@graph\":[{\"@type\":\"WebPage\",\"@id\":\"https:\/\/barnao.hu\/en\/services\/application-process-project-management\/\",\"url\":\"https:\/\/barnao.hu\/en\/services\/application-process-project-management\/\",\"name\":\"Application process, project management - Barna Orsolya \u00dcgyv\u00e9di Iroda\",\"isPartOf\":{\"@id\":\"https:\/\/barnao.hu\/#website\"},\"datePublished\":\"2023-02-24T12:37:21+00:00\",\"dateModified\":\"2023-03-23T15:14:28+00:00\",\"breadcrumb\":{\"@id\":\"https:\/\/barnao.hu\/en\/services\/application-process-project-management\/#breadcrumb\"},\"inLanguage\":\"en-US\",\"potentialAction\":[{\"@type\":\"ReadAction\",\"target\":[\"https:\/\/barnao.hu\/en\/services\/application-process-project-management\/\"]}]},{\"@type\":\"BreadcrumbList\",\"@id\":\"https:\/\/barnao.hu\/en\/services\/application-process-project-management\/#breadcrumb\",\"itemListElement\":[{\"@type\":\"ListItem\",\"position\":1,\"name\":\"Kezd\u0151lap\",\"item\":\"https:\/\/barnao.hu\/en\/\"},{\"@type\":\"ListItem\",\"position\":2,\"name\":\"Services\",\"item\":\"https:\/\/barnao.hu\/en\/services\/\"},{\"@type\":\"ListItem\",\"position\":3,\"name\":\"Application process, project management\"}]},{\"@type\":\"WebSite\",\"@id\":\"https:\/\/barnao.hu\/#website\",\"url\":\"https:\/\/barnao.hu\/\",\"name\":\"Barna Orsolya \u00dcgyv\u00e9di Iroda\",\"description\":\"A Barna Orsolya \u00dcgyv\u00e9di Iroda a j\u00f6v\u0151t k\u00e9pviseli, kit\u0171nve ezzel a hagyom\u00e1nyos \u00fcgyv\u00e9di irod\u00e1k k\u00f6z\u00fcl, hidat alkotva az \u00fcgyv\u00e9di trad\u00edci\u00f3k \u00e9s a XXI. sz\u00e1zad jogi kih\u00edv\u00e1sai k\u00f6z\u00f6tt.\",\"potentialAction\":[{\"@type\":\"SearchAction\",\"target\":{\"@type\":\"EntryPoint\",\"urlTemplate\":\"https:\/\/barnao.hu\/?s={search_term_string}\"},\"query-input\":\"required name=search_term_string\"}],\"inLanguage\":\"en-US\"}]}<\/script>\n<!-- \/ Yoast SEO plugin. -->","yoast_head_json":{"title":"Application process, project management - Barna Orsolya \u00dcgyv\u00e9di Iroda","robots":{"index":"index","follow":"follow","max-snippet":"max-snippet:-1","max-image-preview":"max-image-preview:large","max-video-preview":"max-video-preview:-1"},"canonical":"https:\/\/barnao.hu\/en\/services\/application-process-project-management\/","og_locale":"en_US","og_type":"article","og_title":"Application process, project management - Barna Orsolya \u00dcgyv\u00e9di Iroda","og_description":"[vc_row][vc_column][vc_column_text]Our law firm offer full support to our clients interested in domestic and EU grant funds with outstanding professional knowledge. We are stable, reliable professional partners for our clients to whom we provide predictable, completely personalized development support.[\/vc_column_text][vc_column_text]What we offer: thorough knowledge of European Union law and tendering system complete tender writing project management TWINNING [&hellip;]","og_url":"https:\/\/barnao.hu\/en\/services\/application-process-project-management\/","og_site_name":"Barna Orsolya \u00dcgyv\u00e9di Iroda","article_modified_time":"2023-03-23T15:14:28+00:00","twitter_card":"summary_large_image","twitter_misc":{"Est. reading time":"1 minute"},"schema":{"@context":"https:\/\/schema.org","@graph":[{"@type":"WebPage","@id":"https:\/\/barnao.hu\/en\/services\/application-process-project-management\/","url":"https:\/\/barnao.hu\/en\/services\/application-process-project-management\/","name":"Application process, project management - Barna Orsolya \u00dcgyv\u00e9di Iroda","isPartOf":{"@id":"https:\/\/barnao.hu\/#website"},"datePublished":"2023-02-24T12:37:21+00:00","dateModified":"2023-03-23T15:14:28+00:00","breadcrumb":{"@id":"https:\/\/barnao.hu\/en\/services\/application-process-project-management\/#breadcrumb"},"inLanguage":"en-US","potentialAction":[{"@type":"ReadAction","target":["https:\/\/barnao.hu\/en\/services\/application-process-project-management\/"]}]},{"@type":"BreadcrumbList","@id":"https:\/\/barnao.hu\/en\/services\/application-process-project-management\/#breadcrumb","itemListElement":[{"@type":"ListItem","position":1,"name":"Kezd\u0151lap","item":"https:\/\/barnao.hu\/en\/"},{"@type":"ListItem","position":2,"name":"Services","item":"https:\/\/barnao.hu\/en\/services\/"},{"@type":"ListItem","position":3,"name":"Application process, project management"}]},{"@type":"WebSite","@id":"https:\/\/barnao.hu\/#website","url":"https:\/\/barnao.hu\/","name":"Barna Orsolya \u00dcgyv\u00e9di Iroda","description":"A Barna Orsolya \u00dcgyv\u00e9di Iroda a j\u00f6v\u0151t k\u00e9pviseli, kit\u0171nve ezzel a hagyom\u00e1nyos \u00fcgyv\u00e9di irod\u00e1k k\u00f6z\u00fcl, hidat alkotva az \u00fcgyv\u00e9di trad\u00edci\u00f3k \u00e9s a XXI. sz\u00e1zad jogi kih\u00edv\u00e1sai k\u00f6z\u00f6tt.","potentialAction":[{"@type":"SearchAction","target":{"@type":"EntryPoint","urlTemplate":"https:\/\/barnao.hu\/?s={search_term_string}"},"query-input":"required name=search_term_string"}],"inLanguage":"en-US"}]}},"_links":{"self":[{"href":"https:\/\/barnao.hu\/en\/wp-json\/wp\/v2\/pages\/283","targetHints":{"allow":["GET"]}}],"collection":[{"href":"https:\/\/barnao.hu\/en\/wp-json\/wp\/v2\/pages"}],"about":[{"href":"https:\/\/barnao.hu\/en\/wp-json\/wp\/v2\/types\/page"}],"author":[{"embeddable":true,"href":"https:\/\/barnao.hu\/en\/wp-json\/wp\/v2\/users\/1"}],"replies":[{"embeddable":true,"href":"https:\/\/barnao.hu\/en\/wp-json\/wp\/v2\/comments?post=283"}],"version-history":[{"count":2,"href":"https:\/\/barnao.hu\/en\/wp-json\/wp\/v2\/pages\/283\/revisions"}],"predecessor-version":[{"id":285,"href":"https:\/\/barnao.hu\/en\/wp-json\/wp\/v2\/pages\/283\/revisions\/285"}],"up":[{"embeddable":true,"href":"https:\/\/barnao.hu\/en\/wp-json\/wp\/v2\/pages\/154"}],"wp:attachment":[{"href":"https:\/\/barnao.hu\/en\/wp-json\/wp\/v2\/media?parent=283"}],"curies":[{"name":"wp","href":"https:\/\/api.w.org\/{rel}","templated":true}]}}