{"id":290,"date":"2023-03-07T12:19:52","date_gmt":"2023-03-07T11:19:52","guid":{"rendered":"http:\/\/barnao.hu\/services\/business-development-and-innovation\/"},"modified":"2023-03-23T16:20:40","modified_gmt":"2023-03-23T15:20:40","slug":"business-development-and-innovation","status":"publish","type":"page","link":"https:\/\/barnao.hu\/en\/services\/business-development-and-innovation\/","title":{"rendered":"Business development and innovation"},"content":{"rendered":"<p>[vc_row][vc_column][vc_column_text]<strong>The future belongs to people who are driven by innovation. Our office regularly cooperates in the development of businesses and start-ups, helps constructing core-compliance systems, and preparing and screening of investments. <\/strong><\/p>\n<p>After examining the business processes of our clients, our experts prepares a detailed plan, in which we define the strategy to be followed and present the innovation opportunities inherent in the company. Start-ups have great growth potential and business opportunities, but at the same time their operation carries a high risk. <strong>95% of businesses started by ambitious and talented startuppers fail in the early stages, in the first years of operation. There are many reasons for this, and most of them can be eliminated with a thorough legal background.<\/strong><\/p>\n<p><strong>Let&#8217;s look at the 5 most common mistakes a startup can make!<\/strong><\/p>\n<p><strong>1. Focusing only on the product at the launch phase:<\/strong><\/p>\n<ul>\n<li>failure to seek appropriate legal assistance,<\/li>\n<li>improper company form,<\/li>\n<li>\u201edo-it-yourself&#8221; legal solutions,<\/li>\n<li>oral contracts.<\/li>\n<\/ul>\n<p>Our team of experts will help you choose the right legal structure and draft the necessary contracts, thereby avoiding later legal disputes.<\/p>\n<p>&nbsp;<\/p>\n<p><strong>2. Choosing a wrong brand name, failure to protect intellectual property:<\/strong><\/p>\n<p><em>Many start-ups are projects started out of passion, where at the beginning they do not think about the right choice of name that will be correct in the long term, and they often fail to protect their intellectual property in time.<\/em><\/p>\n<p>Our office protects you from the consequences of trademark infringement and other legal violations, saving the company significant sums of money.<\/p>\n<p>&nbsp;<\/p>\n<p><strong>3. Inappropriate customer and supplier contracts:<\/strong><\/p>\n<p><em>Inadequately managed, oral agreements are not conducive to long-term successful operation and also represent a high legal risk.<\/em><\/p>\n<p>Our office helps to set up the system for customer management, contributes to the screening of suppliers, helps to establish the appropriate contractual conditions and to set up a proper monitoring system as well.<\/p>\n<p>&nbsp;<\/p>\n<p><strong>4. Weak data protection strategy:<\/strong><\/p>\n<ul>\n<li>incomplete or inappropriate GDPR documents,<\/li>\n<li>lack of data protection incident management.<\/li>\n<\/ul>\n<p>A weak data protection strategy is often an obstacle in acquiring investors, most venture investors request GDPR documents at the very beginning of the cooperation and the lack of them can result in mistrust of customers and suppliers. Our team is able to quickly and efficiently create GDPR documents suitable for the company&#8217;s profile and size.<\/p>\n<p>&nbsp;<\/p>\n<p><strong>5. Lacking proper knowledge about competition law:<\/strong><\/p>\n<p><em>Lack of basic competition law knowledge,<\/em><br \/>\n<em>violations resulting from ignorance.<\/em><\/p>\n<p>Atypical, \u201cnot committed\u201d legal violations are a serious and new type of challenge for companies&#8217; compliance systems &#8211; even in the case of a high level of competitive culture. The exchange of technological information in alliances, various industry initiatives, like crisis cartels, standards, collective transfer of costs, behavior of third parties: hub &amp; spoke cartels, coordination beyond legal horizontal cooperation: joint procurement, consortia, can all carry competition law risks. Our competition law specialists help you avoid these risks by finding legal solutions.<\/p>\n<p>Our clients value our holistic approach, innovative solutions, creativity and commitment. Our network of domestic and international consulting partners helps our customers with customized solutions.[\/vc_column_text][\/vc_column][\/vc_row]<\/p>\n","protected":false},"excerpt":{"rendered":"<p>[vc_row][vc_column][vc_column_text]The future belongs to people who are driven by innovation. Our office regularly cooperates in the development of businesses and start-ups, helps constructing core-compliance systems, and preparing and screening of investments. After examining the business processes of our clients, our experts prepares a detailed plan, in which we define the strategy to be followed and [&hellip;]<\/p>\n","protected":false},"author":1,"featured_media":0,"parent":154,"menu_order":0,"comment_status":"closed","ping_status":"closed","template":"","meta":{"footnotes":""},"class_list":["post-290","page","type-page","status-publish","hentry"],"yoast_head":"<!-- This site is optimized with the Yoast SEO plugin v20.10 - https:\/\/yoast.com\/wordpress\/plugins\/seo\/ -->\n<title>Business development and innovation - Barna Orsolya \u00dcgyv\u00e9di Iroda<\/title>\n<meta name=\"description\" content=\"Our office regularly cooperates in the development of businesses and start-ups, helps constructing core-compliance systems, and preparing and screening of investments\" \/>\n<meta name=\"robots\" content=\"index, follow, max-snippet:-1, max-image-preview:large, max-video-preview:-1\" \/>\n<link rel=\"canonical\" href=\"https:\/\/barnao.hu\/en\/services\/business-development-and-innovation\/\" \/>\n<meta property=\"og:locale\" content=\"en_US\" \/>\n<meta property=\"og:type\" content=\"article\" \/>\n<meta property=\"og:title\" content=\"Business development and innovation - Barna Orsolya \u00dcgyv\u00e9di Iroda\" \/>\n<meta property=\"og:description\" content=\"Our office regularly cooperates in the development of businesses and start-ups, helps constructing core-compliance systems, and preparing and screening of investments\" \/>\n<meta property=\"og:url\" content=\"https:\/\/barnao.hu\/en\/services\/business-development-and-innovation\/\" \/>\n<meta property=\"og:site_name\" content=\"Barna Orsolya \u00dcgyv\u00e9di Iroda\" \/>\n<meta property=\"article:modified_time\" content=\"2023-03-23T15:20:40+00:00\" \/>\n<meta name=\"twitter:card\" content=\"summary_large_image\" \/>\n<meta name=\"twitter:label1\" content=\"Est. reading time\" \/>\n\t<meta name=\"twitter:data1\" content=\"3 minutes\" \/>\n<script type=\"application\/ld+json\" class=\"yoast-schema-graph\">{\"@context\":\"https:\/\/schema.org\",\"@graph\":[{\"@type\":\"WebPage\",\"@id\":\"https:\/\/barnao.hu\/en\/services\/business-development-and-innovation\/\",\"url\":\"https:\/\/barnao.hu\/en\/services\/business-development-and-innovation\/\",\"name\":\"Business development and innovation - Barna Orsolya \u00dcgyv\u00e9di Iroda\",\"isPartOf\":{\"@id\":\"https:\/\/barnao.hu\/#website\"},\"datePublished\":\"2023-03-07T11:19:52+00:00\",\"dateModified\":\"2023-03-23T15:20:40+00:00\",\"description\":\"Our office regularly cooperates in the development of businesses and start-ups, helps constructing core-compliance systems, and preparing and screening of investments\",\"breadcrumb\":{\"@id\":\"https:\/\/barnao.hu\/en\/services\/business-development-and-innovation\/#breadcrumb\"},\"inLanguage\":\"en-US\",\"potentialAction\":[{\"@type\":\"ReadAction\",\"target\":[\"https:\/\/barnao.hu\/en\/services\/business-development-and-innovation\/\"]}]},{\"@type\":\"BreadcrumbList\",\"@id\":\"https:\/\/barnao.hu\/en\/services\/business-development-and-innovation\/#breadcrumb\",\"itemListElement\":[{\"@type\":\"ListItem\",\"position\":1,\"name\":\"Kezd\u0151lap\",\"item\":\"https:\/\/barnao.hu\/en\/\"},{\"@type\":\"ListItem\",\"position\":2,\"name\":\"Services\",\"item\":\"https:\/\/barnao.hu\/en\/services\/\"},{\"@type\":\"ListItem\",\"position\":3,\"name\":\"Business development and innovation\"}]},{\"@type\":\"WebSite\",\"@id\":\"https:\/\/barnao.hu\/#website\",\"url\":\"https:\/\/barnao.hu\/\",\"name\":\"Barna Orsolya \u00dcgyv\u00e9di Iroda\",\"description\":\"A Barna Orsolya \u00dcgyv\u00e9di Iroda a j\u00f6v\u0151t k\u00e9pviseli, kit\u0171nve ezzel a hagyom\u00e1nyos \u00fcgyv\u00e9di irod\u00e1k k\u00f6z\u00fcl, hidat alkotva az \u00fcgyv\u00e9di trad\u00edci\u00f3k \u00e9s a XXI. sz\u00e1zad jogi kih\u00edv\u00e1sai k\u00f6z\u00f6tt.\",\"potentialAction\":[{\"@type\":\"SearchAction\",\"target\":{\"@type\":\"EntryPoint\",\"urlTemplate\":\"https:\/\/barnao.hu\/?s={search_term_string}\"},\"query-input\":\"required name=search_term_string\"}],\"inLanguage\":\"en-US\"}]}<\/script>\n<!-- \/ Yoast SEO plugin. -->","yoast_head_json":{"title":"Business development and innovation - Barna Orsolya \u00dcgyv\u00e9di Iroda","description":"Our office regularly cooperates in the development of businesses and start-ups, helps constructing core-compliance systems, and preparing and screening of investments","robots":{"index":"index","follow":"follow","max-snippet":"max-snippet:-1","max-image-preview":"max-image-preview:large","max-video-preview":"max-video-preview:-1"},"canonical":"https:\/\/barnao.hu\/en\/services\/business-development-and-innovation\/","og_locale":"en_US","og_type":"article","og_title":"Business development and innovation - Barna Orsolya \u00dcgyv\u00e9di Iroda","og_description":"Our office regularly cooperates in the development of businesses and start-ups, helps constructing core-compliance systems, and preparing and screening of investments","og_url":"https:\/\/barnao.hu\/en\/services\/business-development-and-innovation\/","og_site_name":"Barna Orsolya \u00dcgyv\u00e9di Iroda","article_modified_time":"2023-03-23T15:20:40+00:00","twitter_card":"summary_large_image","twitter_misc":{"Est. reading time":"3 minutes"},"schema":{"@context":"https:\/\/schema.org","@graph":[{"@type":"WebPage","@id":"https:\/\/barnao.hu\/en\/services\/business-development-and-innovation\/","url":"https:\/\/barnao.hu\/en\/services\/business-development-and-innovation\/","name":"Business development and innovation - Barna Orsolya \u00dcgyv\u00e9di Iroda","isPartOf":{"@id":"https:\/\/barnao.hu\/#website"},"datePublished":"2023-03-07T11:19:52+00:00","dateModified":"2023-03-23T15:20:40+00:00","description":"Our office regularly cooperates in the development of businesses and start-ups, helps constructing core-compliance systems, and preparing and screening of investments","breadcrumb":{"@id":"https:\/\/barnao.hu\/en\/services\/business-development-and-innovation\/#breadcrumb"},"inLanguage":"en-US","potentialAction":[{"@type":"ReadAction","target":["https:\/\/barnao.hu\/en\/services\/business-development-and-innovation\/"]}]},{"@type":"BreadcrumbList","@id":"https:\/\/barnao.hu\/en\/services\/business-development-and-innovation\/#breadcrumb","itemListElement":[{"@type":"ListItem","position":1,"name":"Kezd\u0151lap","item":"https:\/\/barnao.hu\/en\/"},{"@type":"ListItem","position":2,"name":"Services","item":"https:\/\/barnao.hu\/en\/services\/"},{"@type":"ListItem","position":3,"name":"Business development and innovation"}]},{"@type":"WebSite","@id":"https:\/\/barnao.hu\/#website","url":"https:\/\/barnao.hu\/","name":"Barna Orsolya \u00dcgyv\u00e9di Iroda","description":"A Barna Orsolya \u00dcgyv\u00e9di Iroda a j\u00f6v\u0151t k\u00e9pviseli, kit\u0171nve ezzel a hagyom\u00e1nyos \u00fcgyv\u00e9di irod\u00e1k k\u00f6z\u00fcl, hidat alkotva az \u00fcgyv\u00e9di trad\u00edci\u00f3k \u00e9s a XXI. sz\u00e1zad jogi kih\u00edv\u00e1sai k\u00f6z\u00f6tt.","potentialAction":[{"@type":"SearchAction","target":{"@type":"EntryPoint","urlTemplate":"https:\/\/barnao.hu\/?s={search_term_string}"},"query-input":"required name=search_term_string"}],"inLanguage":"en-US"}]}},"_links":{"self":[{"href":"https:\/\/barnao.hu\/en\/wp-json\/wp\/v2\/pages\/290","targetHints":{"allow":["GET"]}}],"collection":[{"href":"https:\/\/barnao.hu\/en\/wp-json\/wp\/v2\/pages"}],"about":[{"href":"https:\/\/barnao.hu\/en\/wp-json\/wp\/v2\/types\/page"}],"author":[{"embeddable":true,"href":"https:\/\/barnao.hu\/en\/wp-json\/wp\/v2\/users\/1"}],"replies":[{"embeddable":true,"href":"https:\/\/barnao.hu\/en\/wp-json\/wp\/v2\/comments?post=290"}],"version-history":[{"count":1,"href":"https:\/\/barnao.hu\/en\/wp-json\/wp\/v2\/pages\/290\/revisions"}],"predecessor-version":[{"id":291,"href":"https:\/\/barnao.hu\/en\/wp-json\/wp\/v2\/pages\/290\/revisions\/291"}],"up":[{"embeddable":true,"href":"https:\/\/barnao.hu\/en\/wp-json\/wp\/v2\/pages\/154"}],"wp:attachment":[{"href":"https:\/\/barnao.hu\/en\/wp-json\/wp\/v2\/media?parent=290"}],"curies":[{"name":"wp","href":"https:\/\/api.w.org\/{rel}","templated":true}]}}