{"id":322,"date":"2023-02-23T03:43:16","date_gmt":"2023-02-23T02:43:16","guid":{"rendered":"https:\/\/barnao.hu\/tarsadalmi-felelossegvallalas\/"},"modified":"2023-03-27T14:20:59","modified_gmt":"2023-03-27T12:20:59","slug":"social-responsibility","status":"publish","type":"page","link":"https:\/\/barnao.hu\/en\/social-responsibility\/","title":{"rendered":"Social responsibility"},"content":{"rendered":"<p>[vc_row][vc_column][vc_column_text]Our office attaches great importance to social responsibility, we make significant efforts to spread it as widely as possible, taking into account sustainability and social aspects. Our CSR and Pro Bono office primarily wants to help in the following areas:<\/p>\n<ul>\n<li>sustainability,<\/li>\n<li>environmental awareness,<\/li>\n<li>fair trade,<\/li>\n<li>cultural support.<\/li>\n<\/ul>\n<p>In addition, we also try to act responsibly in our own activities on a daily basis. Our office is an environmentally conscious, paperless workplace, and we also support home office among our employees. We try to reduce energy consumption the minimum, we were and still are in accordance with the orientation of our office technical equipment and we also constantly pay attention to economical use. Since one of our areas of expertise is environmental law, in our opinion, we would not be credible if we did not take care of our own house through sustainability aspects. Going paperless is perhaps an unusual goal for a law firm, but &#8211; of course, depending on the case \u2013 it is not a hopeless undertaking.<\/p>\n<p>This is how we like to work, in our opinion, this workplace environment is also available so that we can do efficient, fast and professional work in all cases.[\/vc_column_text][\/vc_column][\/vc_row]<\/p>\n","protected":false},"excerpt":{"rendered":"<p>[vc_row][vc_column][vc_column_text]Our office attaches great importance to social responsibility, we make significant efforts to spread it as widely as possible, taking into account sustainability and social aspects. Our CSR and Pro Bono office primarily wants to help in the following areas: sustainability, environmental awareness, fair trade, cultural support. In addition, we also try to act responsibly [&hellip;]<\/p>\n","protected":false},"author":1,"featured_media":323,"parent":0,"menu_order":0,"comment_status":"closed","ping_status":"closed","template":"","meta":{"footnotes":""},"class_list":["post-322","page","type-page","status-publish","has-post-thumbnail","hentry"],"yoast_head":"<!-- This site is optimized with the Yoast SEO plugin v20.10 - https:\/\/yoast.com\/wordpress\/plugins\/seo\/ -->\n<title>Social responsibility - Barna Orsolya \u00dcgyv\u00e9di Iroda<\/title>\n<meta name=\"description\" content=\"Our office attaches great importance to social responsibility, we make significant efforts to spread it as widely as possible, taking into account sustainability and social aspects.\" \/>\n<meta name=\"robots\" content=\"index, follow, max-snippet:-1, max-image-preview:large, max-video-preview:-1\" \/>\n<link rel=\"canonical\" href=\"https:\/\/barnao.hu\/en\/social-responsibility\/\" \/>\n<meta property=\"og:locale\" content=\"en_US\" \/>\n<meta property=\"og:type\" content=\"article\" \/>\n<meta property=\"og:title\" content=\"Social responsibility - Barna Orsolya \u00dcgyv\u00e9di Iroda\" \/>\n<meta property=\"og:description\" content=\"Our office attaches great importance to social responsibility, we make significant efforts to spread it as widely as possible, taking into account sustainability and social aspects.\" \/>\n<meta property=\"og:url\" content=\"https:\/\/barnao.hu\/en\/social-responsibility\/\" \/>\n<meta property=\"og:site_name\" content=\"Barna Orsolya \u00dcgyv\u00e9di Iroda\" \/>\n<meta property=\"article:modified_time\" content=\"2023-03-27T12:20:59+00:00\" \/>\n<meta property=\"og:image\" content=\"https:\/\/barnao.hu\/wp-content\/uploads\/2023\/02\/felelosseg.png\" \/>\n\t<meta property=\"og:image:width\" content=\"2560\" \/>\n\t<meta property=\"og:image:height\" content=\"1000\" \/>\n\t<meta property=\"og:image:type\" content=\"image\/png\" \/>\n<meta name=\"twitter:card\" content=\"summary_large_image\" \/>\n<meta name=\"twitter:label1\" content=\"Est. reading time\" \/>\n\t<meta name=\"twitter:data1\" content=\"2 minutes\" \/>\n<script type=\"application\/ld+json\" class=\"yoast-schema-graph\">{\"@context\":\"https:\/\/schema.org\",\"@graph\":[{\"@type\":\"WebPage\",\"@id\":\"https:\/\/barnao.hu\/en\/social-responsibility\/\",\"url\":\"https:\/\/barnao.hu\/en\/social-responsibility\/\",\"name\":\"Social responsibility - Barna Orsolya \u00dcgyv\u00e9di Iroda\",\"isPartOf\":{\"@id\":\"https:\/\/barnao.hu\/#website\"},\"datePublished\":\"2023-02-23T02:43:16+00:00\",\"dateModified\":\"2023-03-27T12:20:59+00:00\",\"description\":\"Our office attaches great importance to social responsibility, we make significant efforts to spread it as widely as possible, taking into account sustainability and social aspects.\",\"breadcrumb\":{\"@id\":\"https:\/\/barnao.hu\/en\/social-responsibility\/#breadcrumb\"},\"inLanguage\":\"en-US\",\"potentialAction\":[{\"@type\":\"ReadAction\",\"target\":[\"https:\/\/barnao.hu\/en\/social-responsibility\/\"]}]},{\"@type\":\"BreadcrumbList\",\"@id\":\"https:\/\/barnao.hu\/en\/social-responsibility\/#breadcrumb\",\"itemListElement\":[{\"@type\":\"ListItem\",\"position\":1,\"name\":\"Kezd\u0151lap\",\"item\":\"https:\/\/barnao.hu\/en\/\"},{\"@type\":\"ListItem\",\"position\":2,\"name\":\"Social responsibility\"}]},{\"@type\":\"WebSite\",\"@id\":\"https:\/\/barnao.hu\/#website\",\"url\":\"https:\/\/barnao.hu\/\",\"name\":\"Barna Orsolya \u00dcgyv\u00e9di Iroda\",\"description\":\"A Barna Orsolya \u00dcgyv\u00e9di Iroda a j\u00f6v\u0151t k\u00e9pviseli, kit\u0171nve ezzel a hagyom\u00e1nyos \u00fcgyv\u00e9di irod\u00e1k k\u00f6z\u00fcl, hidat alkotva az \u00fcgyv\u00e9di trad\u00edci\u00f3k \u00e9s a XXI. sz\u00e1zad jogi kih\u00edv\u00e1sai k\u00f6z\u00f6tt.\",\"potentialAction\":[{\"@type\":\"SearchAction\",\"target\":{\"@type\":\"EntryPoint\",\"urlTemplate\":\"https:\/\/barnao.hu\/?s={search_term_string}\"},\"query-input\":\"required name=search_term_string\"}],\"inLanguage\":\"en-US\"}]}<\/script>\n<!-- \/ Yoast SEO plugin. -->","yoast_head_json":{"title":"Social responsibility - Barna Orsolya \u00dcgyv\u00e9di Iroda","description":"Our office attaches great importance to social responsibility, we make significant efforts to spread it as widely as possible, taking into account sustainability and social aspects.","robots":{"index":"index","follow":"follow","max-snippet":"max-snippet:-1","max-image-preview":"max-image-preview:large","max-video-preview":"max-video-preview:-1"},"canonical":"https:\/\/barnao.hu\/en\/social-responsibility\/","og_locale":"en_US","og_type":"article","og_title":"Social responsibility - Barna Orsolya \u00dcgyv\u00e9di Iroda","og_description":"Our office attaches great importance to social responsibility, we make significant efforts to spread it as widely as possible, taking into account sustainability and social aspects.","og_url":"https:\/\/barnao.hu\/en\/social-responsibility\/","og_site_name":"Barna Orsolya \u00dcgyv\u00e9di Iroda","article_modified_time":"2023-03-27T12:20:59+00:00","og_image":[{"width":2560,"height":1000,"url":"https:\/\/barnao.hu\/wp-content\/uploads\/2023\/02\/felelosseg.png","type":"image\/png"}],"twitter_card":"summary_large_image","twitter_misc":{"Est. reading time":"2 minutes"},"schema":{"@context":"https:\/\/schema.org","@graph":[{"@type":"WebPage","@id":"https:\/\/barnao.hu\/en\/social-responsibility\/","url":"https:\/\/barnao.hu\/en\/social-responsibility\/","name":"Social responsibility - Barna Orsolya \u00dcgyv\u00e9di Iroda","isPartOf":{"@id":"https:\/\/barnao.hu\/#website"},"datePublished":"2023-02-23T02:43:16+00:00","dateModified":"2023-03-27T12:20:59+00:00","description":"Our office attaches great importance to social responsibility, we make significant efforts to spread it as widely as possible, taking into account sustainability and social aspects.","breadcrumb":{"@id":"https:\/\/barnao.hu\/en\/social-responsibility\/#breadcrumb"},"inLanguage":"en-US","potentialAction":[{"@type":"ReadAction","target":["https:\/\/barnao.hu\/en\/social-responsibility\/"]}]},{"@type":"BreadcrumbList","@id":"https:\/\/barnao.hu\/en\/social-responsibility\/#breadcrumb","itemListElement":[{"@type":"ListItem","position":1,"name":"Kezd\u0151lap","item":"https:\/\/barnao.hu\/en\/"},{"@type":"ListItem","position":2,"name":"Social responsibility"}]},{"@type":"WebSite","@id":"https:\/\/barnao.hu\/#website","url":"https:\/\/barnao.hu\/","name":"Barna Orsolya \u00dcgyv\u00e9di Iroda","description":"A Barna Orsolya \u00dcgyv\u00e9di Iroda a j\u00f6v\u0151t k\u00e9pviseli, kit\u0171nve ezzel a hagyom\u00e1nyos \u00fcgyv\u00e9di irod\u00e1k k\u00f6z\u00fcl, hidat alkotva az \u00fcgyv\u00e9di trad\u00edci\u00f3k \u00e9s a XXI. sz\u00e1zad jogi kih\u00edv\u00e1sai k\u00f6z\u00f6tt.","potentialAction":[{"@type":"SearchAction","target":{"@type":"EntryPoint","urlTemplate":"https:\/\/barnao.hu\/?s={search_term_string}"},"query-input":"required name=search_term_string"}],"inLanguage":"en-US"}]}},"_links":{"self":[{"href":"https:\/\/barnao.hu\/en\/wp-json\/wp\/v2\/pages\/322","targetHints":{"allow":["GET"]}}],"collection":[{"href":"https:\/\/barnao.hu\/en\/wp-json\/wp\/v2\/pages"}],"about":[{"href":"https:\/\/barnao.hu\/en\/wp-json\/wp\/v2\/types\/page"}],"author":[{"embeddable":true,"href":"https:\/\/barnao.hu\/en\/wp-json\/wp\/v2\/users\/1"}],"replies":[{"embeddable":true,"href":"https:\/\/barnao.hu\/en\/wp-json\/wp\/v2\/comments?post=322"}],"version-history":[{"count":2,"href":"https:\/\/barnao.hu\/en\/wp-json\/wp\/v2\/pages\/322\/revisions"}],"predecessor-version":[{"id":348,"href":"https:\/\/barnao.hu\/en\/wp-json\/wp\/v2\/pages\/322\/revisions\/348"}],"wp:featuredmedia":[{"embeddable":true,"href":"https:\/\/barnao.hu\/en\/wp-json\/wp\/v2\/media\/323"}],"wp:attachment":[{"href":"https:\/\/barnao.hu\/en\/wp-json\/wp\/v2\/media?parent=322"}],"curies":[{"name":"wp","href":"https:\/\/api.w.org\/{rel}","templated":true}]}}