{"id":364,"date":"2023-02-24T11:02:26","date_gmt":"2023-02-24T10:02:26","guid":{"rendered":"https:\/\/barnao.hu\/impresszum\/"},"modified":"2023-03-28T08:17:36","modified_gmt":"2023-03-28T06:17:36","slug":"impressum","status":"publish","type":"page","link":"https:\/\/barnao.hu\/en\/impressum\/","title":{"rendered":"Impressum"},"content":{"rendered":"<p>[vc_row][vc_column][vc_column_text]\u00c9n egy sz\u00f6vegblokk vagyok. Kattints a szerkeszt\u00e9s gombra a sz\u00f6veg megv\u00e1ltoztat\u00e1s\u00e1hoz. Lorem ipsum dolor sit amet, consectetur adipiscing elit. Ut elit tellus, luctus nec ullamcorper mattis, pulvinar dapibus leo.[\/vc_column_text][\/vc_column][\/vc_row]<\/p>\n","protected":false},"excerpt":{"rendered":"<p>[vc_row][vc_column][vc_column_text]\u00c9n egy sz\u00f6vegblokk vagyok. Kattints a szerkeszt\u00e9s gombra a sz\u00f6veg megv\u00e1ltoztat\u00e1s\u00e1hoz. Lorem ipsum dolor sit amet, consectetur adipiscing elit. Ut elit tellus, luctus nec ullamcorper mattis, pulvinar dapibus leo.[\/vc_column_text][\/vc_column][\/vc_row]<\/p>\n","protected":false},"author":1,"featured_media":0,"parent":0,"menu_order":0,"comment_status":"closed","ping_status":"closed","template":"","meta":{"footnotes":""},"class_list":["post-364","page","type-page","status-publish","hentry"],"yoast_head":"<!-- This site is optimized with the Yoast SEO plugin v20.10 - https:\/\/yoast.com\/wordpress\/plugins\/seo\/ -->\n<title>Impressum - Barna Orsolya \u00dcgyv\u00e9di Iroda<\/title>\n<meta name=\"robots\" content=\"index, follow, max-snippet:-1, max-image-preview:large, max-video-preview:-1\" \/>\n<link rel=\"canonical\" href=\"https:\/\/barnao.hu\/en\/impressum\/\" \/>\n<meta property=\"og:locale\" content=\"en_US\" \/>\n<meta property=\"og:type\" content=\"article\" \/>\n<meta property=\"og:title\" content=\"Impressum - Barna Orsolya \u00dcgyv\u00e9di Iroda\" \/>\n<meta property=\"og:description\" content=\"[vc_row][vc_column][vc_column_text]\u00c9n egy sz\u00f6vegblokk vagyok. Kattints a szerkeszt\u00e9s gombra a sz\u00f6veg megv\u00e1ltoztat\u00e1s\u00e1hoz. Lorem ipsum dolor sit amet, consectetur adipiscing elit. Ut elit tellus, luctus nec ullamcorper mattis, pulvinar dapibus leo.[\/vc_column_text][\/vc_column][\/vc_row]\" \/>\n<meta property=\"og:url\" content=\"https:\/\/barnao.hu\/en\/impressum\/\" \/>\n<meta property=\"og:site_name\" content=\"Barna Orsolya \u00dcgyv\u00e9di Iroda\" \/>\n<meta property=\"article:modified_time\" content=\"2023-03-28T06:17:36+00:00\" \/>\n<meta name=\"twitter:card\" content=\"summary_large_image\" \/>\n<meta name=\"twitter:label1\" content=\"Est. reading time\" \/>\n\t<meta name=\"twitter:data1\" content=\"1 minute\" \/>\n<script type=\"application\/ld+json\" class=\"yoast-schema-graph\">{\"@context\":\"https:\/\/schema.org\",\"@graph\":[{\"@type\":\"WebPage\",\"@id\":\"https:\/\/barnao.hu\/en\/impressum\/\",\"url\":\"https:\/\/barnao.hu\/en\/impressum\/\",\"name\":\"Impressum - Barna Orsolya \u00dcgyv\u00e9di Iroda\",\"isPartOf\":{\"@id\":\"https:\/\/barnao.hu\/#website\"},\"datePublished\":\"2023-02-24T10:02:26+00:00\",\"dateModified\":\"2023-03-28T06:17:36+00:00\",\"breadcrumb\":{\"@id\":\"https:\/\/barnao.hu\/en\/impressum\/#breadcrumb\"},\"inLanguage\":\"en-US\",\"potentialAction\":[{\"@type\":\"ReadAction\",\"target\":[\"https:\/\/barnao.hu\/en\/impressum\/\"]}]},{\"@type\":\"BreadcrumbList\",\"@id\":\"https:\/\/barnao.hu\/en\/impressum\/#breadcrumb\",\"itemListElement\":[{\"@type\":\"ListItem\",\"position\":1,\"name\":\"Kezd\u0151lap\",\"item\":\"https:\/\/barnao.hu\/en\/\"},{\"@type\":\"ListItem\",\"position\":2,\"name\":\"Impressum\"}]},{\"@type\":\"WebSite\",\"@id\":\"https:\/\/barnao.hu\/#website\",\"url\":\"https:\/\/barnao.hu\/\",\"name\":\"Barna Orsolya \u00dcgyv\u00e9di Iroda\",\"description\":\"A Barna Orsolya \u00dcgyv\u00e9di Iroda a j\u00f6v\u0151t k\u00e9pviseli, kit\u0171nve ezzel a hagyom\u00e1nyos \u00fcgyv\u00e9di irod\u00e1k k\u00f6z\u00fcl, hidat alkotva az \u00fcgyv\u00e9di trad\u00edci\u00f3k \u00e9s a XXI. sz\u00e1zad jogi kih\u00edv\u00e1sai k\u00f6z\u00f6tt.\",\"potentialAction\":[{\"@type\":\"SearchAction\",\"target\":{\"@type\":\"EntryPoint\",\"urlTemplate\":\"https:\/\/barnao.hu\/?s={search_term_string}\"},\"query-input\":\"required name=search_term_string\"}],\"inLanguage\":\"en-US\"}]}<\/script>\n<!-- \/ Yoast SEO plugin. -->","yoast_head_json":{"title":"Impressum - Barna Orsolya \u00dcgyv\u00e9di Iroda","robots":{"index":"index","follow":"follow","max-snippet":"max-snippet:-1","max-image-preview":"max-image-preview:large","max-video-preview":"max-video-preview:-1"},"canonical":"https:\/\/barnao.hu\/en\/impressum\/","og_locale":"en_US","og_type":"article","og_title":"Impressum - Barna Orsolya \u00dcgyv\u00e9di Iroda","og_description":"[vc_row][vc_column][vc_column_text]\u00c9n egy sz\u00f6vegblokk vagyok. Kattints a szerkeszt\u00e9s gombra a sz\u00f6veg megv\u00e1ltoztat\u00e1s\u00e1hoz. Lorem ipsum dolor sit amet, consectetur adipiscing elit. Ut elit tellus, luctus nec ullamcorper mattis, pulvinar dapibus leo.[\/vc_column_text][\/vc_column][\/vc_row]","og_url":"https:\/\/barnao.hu\/en\/impressum\/","og_site_name":"Barna Orsolya \u00dcgyv\u00e9di Iroda","article_modified_time":"2023-03-28T06:17:36+00:00","twitter_card":"summary_large_image","twitter_misc":{"Est. reading time":"1 minute"},"schema":{"@context":"https:\/\/schema.org","@graph":[{"@type":"WebPage","@id":"https:\/\/barnao.hu\/en\/impressum\/","url":"https:\/\/barnao.hu\/en\/impressum\/","name":"Impressum - Barna Orsolya \u00dcgyv\u00e9di Iroda","isPartOf":{"@id":"https:\/\/barnao.hu\/#website"},"datePublished":"2023-02-24T10:02:26+00:00","dateModified":"2023-03-28T06:17:36+00:00","breadcrumb":{"@id":"https:\/\/barnao.hu\/en\/impressum\/#breadcrumb"},"inLanguage":"en-US","potentialAction":[{"@type":"ReadAction","target":["https:\/\/barnao.hu\/en\/impressum\/"]}]},{"@type":"BreadcrumbList","@id":"https:\/\/barnao.hu\/en\/impressum\/#breadcrumb","itemListElement":[{"@type":"ListItem","position":1,"name":"Kezd\u0151lap","item":"https:\/\/barnao.hu\/en\/"},{"@type":"ListItem","position":2,"name":"Impressum"}]},{"@type":"WebSite","@id":"https:\/\/barnao.hu\/#website","url":"https:\/\/barnao.hu\/","name":"Barna Orsolya \u00dcgyv\u00e9di Iroda","description":"A Barna Orsolya \u00dcgyv\u00e9di Iroda a j\u00f6v\u0151t k\u00e9pviseli, kit\u0171nve ezzel a hagyom\u00e1nyos \u00fcgyv\u00e9di irod\u00e1k k\u00f6z\u00fcl, hidat alkotva az \u00fcgyv\u00e9di trad\u00edci\u00f3k \u00e9s a XXI. sz\u00e1zad jogi kih\u00edv\u00e1sai k\u00f6z\u00f6tt.","potentialAction":[{"@type":"SearchAction","target":{"@type":"EntryPoint","urlTemplate":"https:\/\/barnao.hu\/?s={search_term_string}"},"query-input":"required name=search_term_string"}],"inLanguage":"en-US"}]}},"_links":{"self":[{"href":"https:\/\/barnao.hu\/en\/wp-json\/wp\/v2\/pages\/364","targetHints":{"allow":["GET"]}}],"collection":[{"href":"https:\/\/barnao.hu\/en\/wp-json\/wp\/v2\/pages"}],"about":[{"href":"https:\/\/barnao.hu\/en\/wp-json\/wp\/v2\/types\/page"}],"author":[{"embeddable":true,"href":"https:\/\/barnao.hu\/en\/wp-json\/wp\/v2\/users\/1"}],"replies":[{"embeddable":true,"href":"https:\/\/barnao.hu\/en\/wp-json\/wp\/v2\/comments?post=364"}],"version-history":[{"count":1,"href":"https:\/\/barnao.hu\/en\/wp-json\/wp\/v2\/pages\/364\/revisions"}],"predecessor-version":[{"id":365,"href":"https:\/\/barnao.hu\/en\/wp-json\/wp\/v2\/pages\/364\/revisions\/365"}],"wp:attachment":[{"href":"https:\/\/barnao.hu\/en\/wp-json\/wp\/v2\/media?parent=364"}],"curies":[{"name":"wp","href":"https:\/\/api.w.org\/{rel}","templated":true}]}}